{"id":886,"date":"2025-09-01T08:22:16","date_gmt":"2025-09-01T08:22:16","guid":{"rendered":"https:\/\/aif.org.es\/?page_id=886"},"modified":"2025-09-01T08:56:53","modified_gmt":"2025-09-01T08:56:53","slug":"actividades-grupales","status":"publish","type":"page","link":"https:\/\/aif.org.es\/?page_id=886","title":{"rendered":"Actividades grupales"},"content":{"rendered":"\n<p>En AIF cada vez tenemos una oferta m\u00e1s grande de actividades grupales para nuestras personas asociadas. En el curso 2025\/26 realizaremos diferentes grupos:<\/p>\n\n\n\n<div class=\"wp-block-media-text is-stacked-on-mobile\" style=\"grid-template-columns:17% auto\"><figure class=\"wp-block-media-text__media\"><img loading=\"lazy\" decoding=\"async\" width=\"500\" height=\"500\" src=\"https:\/\/aif.org.es\/wp-content\/uploads\/2025\/09\/amigos.png\" alt=\"\" class=\"wp-image-887 size-full\" srcset=\"https:\/\/aif.org.es\/wp-content\/uploads\/2025\/09\/amigos.png 500w, https:\/\/aif.org.es\/wp-content\/uploads\/2025\/09\/amigos-300x300.png 300w, https:\/\/aif.org.es\/wp-content\/uploads\/2025\/09\/amigos-150x150.png 150w\" sizes=\"auto, (max-width: 500px) 100vw, 500px\" \/><\/figure><div class=\"wp-block-media-text__content\">\n<p>GRUPOS DE HABILIDADES SOCIALES &#8211; DIFERENTES HORARIOS. Mejorar las habilidades sociales y hacer amigos\/as.<\/p>\n<\/div><\/div>\n\n\n\n<div class=\"wp-block-media-text is-stacked-on-mobile\" style=\"grid-template-columns:17% auto\"><figure class=\"wp-block-media-text__media\"><img loading=\"lazy\" decoding=\"async\" width=\"500\" height=\"500\" src=\"https:\/\/aif.org.es\/wp-content\/uploads\/2025\/09\/tareas-del-hogar.png\" alt=\"\" class=\"wp-image-888 size-full\" srcset=\"https:\/\/aif.org.es\/wp-content\/uploads\/2025\/09\/tareas-del-hogar.png 500w, https:\/\/aif.org.es\/wp-content\/uploads\/2025\/09\/tareas-del-hogar-300x300.png 300w, https:\/\/aif.org.es\/wp-content\/uploads\/2025\/09\/tareas-del-hogar-150x150.png 150w\" sizes=\"auto, (max-width: 500px) 100vw, 500px\" \/><\/figure><div class=\"wp-block-media-text__content\">\n<p>TALLER DE AUTONOM\u00cdA &#8211; MARTES A LAS 18H EN IBIZA (DE 11 A 15 A\u00d1OS). Aprender habilidades de autonom\u00eda mientras lo pasamos bien.<\/p>\n<\/div><\/div>\n\n\n\n<div class=\"wp-block-media-text is-stacked-on-mobile\" style=\"grid-template-columns:17% auto\"><figure class=\"wp-block-media-text__media\"><img loading=\"lazy\" decoding=\"async\" width=\"500\" height=\"500\" src=\"https:\/\/aif.org.es\/wp-content\/uploads\/2025\/09\/etapas-de-la-vida.png\" alt=\"\" class=\"wp-image-890 size-full\" srcset=\"https:\/\/aif.org.es\/wp-content\/uploads\/2025\/09\/etapas-de-la-vida.png 500w, https:\/\/aif.org.es\/wp-content\/uploads\/2025\/09\/etapas-de-la-vida-300x300.png 300w, https:\/\/aif.org.es\/wp-content\/uploads\/2025\/09\/etapas-de-la-vida-150x150.png 150w\" sizes=\"auto, (max-width: 500px) 100vw, 500px\" \/><\/figure><div class=\"wp-block-media-text__content\">\n<p>TALLER DE TRANSICI\u00d3N A LA VIDA ADULTA &#8211; JUEVES A LAS 16H EN IBIZA (A PARTIR DE 16 A\u00d1OS). Adquirir habilidades para la vida independiente.<\/p>\n<\/div><\/div>\n\n\n\n<div class=\"wp-block-media-text is-stacked-on-mobile\" style=\"grid-template-columns:17% auto\"><figure class=\"wp-block-media-text__media\"><img loading=\"lazy\" decoding=\"async\" width=\"500\" height=\"500\" src=\"https:\/\/aif.org.es\/wp-content\/uploads\/2025\/09\/mujeres.png\" alt=\"\" class=\"wp-image-891 size-full\" srcset=\"https:\/\/aif.org.es\/wp-content\/uploads\/2025\/09\/mujeres.png 500w, https:\/\/aif.org.es\/wp-content\/uploads\/2025\/09\/mujeres-300x300.png 300w, https:\/\/aif.org.es\/wp-content\/uploads\/2025\/09\/mujeres-150x150.png 150w\" sizes=\"auto, (max-width: 500px) 100vw, 500px\" \/><\/figure><div class=\"wp-block-media-text__content\">\n<p>GRUPOS DE CHICAS (LUNES). Espacio en femenino donde poder encontrar amigas, hacer actividades divertidas y aprender.<\/p>\n<\/div><\/div>\n\n\n\n<div class=\"wp-block-media-text is-stacked-on-mobile\" style=\"grid-template-columns:17% auto\"><figure class=\"wp-block-media-text__media\"><img loading=\"lazy\" decoding=\"async\" width=\"500\" height=\"500\" src=\"https:\/\/aif.org.es\/wp-content\/uploads\/2025\/09\/familia.png\" alt=\"\" class=\"wp-image-893 size-full\" srcset=\"https:\/\/aif.org.es\/wp-content\/uploads\/2025\/09\/familia.png 500w, https:\/\/aif.org.es\/wp-content\/uploads\/2025\/09\/familia-300x300.png 300w, https:\/\/aif.org.es\/wp-content\/uploads\/2025\/09\/familia-150x150.png 150w\" sizes=\"auto, (max-width: 500px) 100vw, 500px\" \/><\/figure><div class=\"wp-block-media-text__content\">\n<p>GRUPO DE FAMILIAS ONLINE (LUNES). Lugar de apoyo y de aprendizaje para familias.<\/p>\n<\/div><\/div>\n\n\n\n<div class=\"wp-block-media-text is-stacked-on-mobile\" style=\"grid-template-columns:17% auto\"><figure class=\"wp-block-media-text__media\"><img loading=\"lazy\" decoding=\"async\" width=\"500\" height=\"500\" src=\"https:\/\/aif.org.es\/wp-content\/uploads\/2025\/09\/personas-con-autismo.png\" alt=\"\" class=\"wp-image-895 size-full\" srcset=\"https:\/\/aif.org.es\/wp-content\/uploads\/2025\/09\/personas-con-autismo.png 500w, https:\/\/aif.org.es\/wp-content\/uploads\/2025\/09\/personas-con-autismo-300x300.png 300w, https:\/\/aif.org.es\/wp-content\/uploads\/2025\/09\/personas-con-autismo-150x150.png 150w\" sizes=\"auto, (max-width: 500px) 100vw, 500px\" \/><\/figure><div class=\"wp-block-media-text__content\">\n<p>GRUPO DE BIENESTAR EMOCIONAL PARA PERSONAS ADULTAS (PENDIENTE HORARIO). Aprender habilidades de regulaci\u00f3n emocional, practicar mindfulness y actividades de relajaci\u00f3n.<\/p>\n<\/div><\/div>\n\n\n\n<div class=\"wp-block-media-text is-stacked-on-mobile\" style=\"grid-template-columns:17% auto\"><figure class=\"wp-block-media-text__media\"><img loading=\"lazy\" decoding=\"async\" width=\"500\" height=\"500\" src=\"https:\/\/aif.org.es\/wp-content\/uploads\/2025\/09\/reunion.png\" alt=\"\" class=\"wp-image-897 size-full\" srcset=\"https:\/\/aif.org.es\/wp-content\/uploads\/2025\/09\/reunion.png 500w, https:\/\/aif.org.es\/wp-content\/uploads\/2025\/09\/reunion-300x300.png 300w, https:\/\/aif.org.es\/wp-content\/uploads\/2025\/09\/reunion-150x150.png 150w\" sizes=\"auto, (max-width: 500px) 100vw, 500px\" \/><\/figure><div class=\"wp-block-media-text__content\">\n<p>CLUB SOCIAL- VIERNES A LAS 19 EN C19 (A PARTIR DE 16 A\u00d1OS). Espacio abierto semanal de reuni\u00f3n social donde poder sentirse como en casa.<\/p>\n<\/div><\/div>\n\n\n\n<div class=\"wp-block-media-text is-stacked-on-mobile\" style=\"grid-template-columns:16% auto\"><figure class=\"wp-block-media-text__media\"><img loading=\"lazy\" decoding=\"async\" width=\"500\" height=\"500\" src=\"https:\/\/aif.org.es\/wp-content\/uploads\/2025\/09\/actividad-fisica.png\" alt=\"\" class=\"wp-image-898 size-full\" srcset=\"https:\/\/aif.org.es\/wp-content\/uploads\/2025\/09\/actividad-fisica.png 500w, https:\/\/aif.org.es\/wp-content\/uploads\/2025\/09\/actividad-fisica-300x300.png 300w, https:\/\/aif.org.es\/wp-content\/uploads\/2025\/09\/actividad-fisica-150x150.png 150w\" sizes=\"auto, (max-width: 500px) 100vw, 500px\" \/><\/figure><div class=\"wp-block-media-text__content\">\n<p>ACTIVIDAD DEPORTIVA PARA MAYORES DE 16 A\u00d1OS (PENDIENTE HORARIO). Haz ejercicio semanal en un espacio seguro.<\/p>\n<\/div><\/div>\n\n\n\n<div class=\"wp-block-media-text is-stacked-on-mobile\" style=\"grid-template-columns:16% auto\"><figure class=\"wp-block-media-text__media\"><img loading=\"lazy\" decoding=\"async\" width=\"500\" height=\"500\" src=\"https:\/\/aif.org.es\/wp-content\/uploads\/2025\/09\/radio.png\" alt=\"\" class=\"wp-image-899 size-full\" srcset=\"https:\/\/aif.org.es\/wp-content\/uploads\/2025\/09\/radio.png 500w, https:\/\/aif.org.es\/wp-content\/uploads\/2025\/09\/radio-300x300.png 300w, https:\/\/aif.org.es\/wp-content\/uploads\/2025\/09\/radio-150x150.png 150w\" sizes=\"auto, (max-width: 500px) 100vw, 500px\" \/><\/figure><div class=\"wp-block-media-text__content\">\n<p>TALLER DE PODCAST PARA MAYORES DE 16 A\u00d1OS EN EL C19 (PENDIENTE HORARIO). Nuestro objetivo es grabar un episodio al mes y dar voz a las personas de la asociaci\u00f3n.<\/p>\n<\/div><\/div>\n\n\n\n<p>Si te interesa participar en alguna de estos grupos puedes ponerte en <a href=\"https:\/\/aif.org.es\/?page_id=475\" data-type=\"page\" data-id=\"475\">contacto con nosotras. <\/a><\/p>\n\n\n\n<p><\/p>\n","protected":false},"excerpt":{"rendered":"<p>En AIF cada vez tenemos una oferta m\u00e1s grande de actividades grupales para nuestras personas asociadas. En el curso 2025\/26 realizaremos diferentes grupos: GRUPOS DE HABILIDADES SOCIALES &#8211; DIFERENTES HORARIOS. Mejorar las habilidades sociales y hacer amigos\/as. TALLER DE AUTONOM\u00cdA &#8211; MARTES A LAS 18H EN IBIZA (DE 11 A 15 A\u00d1OS). Aprender habilidades de\u2026 <span class=\"read-more\"><a href=\"https:\/\/aif.org.es\/?page_id=886\">Leer m\u00e1s &raquo;<\/a><\/span><\/p>\n","protected":false},"author":1,"featured_media":0,"parent":0,"menu_order":0,"comment_status":"closed","ping_status":"closed","template":"","meta":{"footnotes":""},"class_list":["post-886","page","type-page","status-publish","hentry"],"_links":{"self":[{"href":"https:\/\/aif.org.es\/index.php?rest_route=\/wp\/v2\/pages\/886","targetHints":{"allow":["GET"]}}],"collection":[{"href":"https:\/\/aif.org.es\/index.php?rest_route=\/wp\/v2\/pages"}],"about":[{"href":"https:\/\/aif.org.es\/index.php?rest_route=\/wp\/v2\/types\/page"}],"author":[{"embeddable":true,"href":"https:\/\/aif.org.es\/index.php?rest_route=\/wp\/v2\/users\/1"}],"replies":[{"embeddable":true,"href":"https:\/\/aif.org.es\/index.php?rest_route=%2Fwp%2Fv2%2Fcomments&post=886"}],"version-history":[{"count":5,"href":"https:\/\/aif.org.es\/index.php?rest_route=\/wp\/v2\/pages\/886\/revisions"}],"predecessor-version":[{"id":923,"href":"https:\/\/aif.org.es\/index.php?rest_route=\/wp\/v2\/pages\/886\/revisions\/923"}],"wp:attachment":[{"href":"https:\/\/aif.org.es\/index.php?rest_route=%2Fwp%2Fv2%2Fmedia&parent=886"}],"curies":[{"name":"wp","href":"https:\/\/api.w.org\/{rel}","templated":true}]}}