{"id":870,"date":"2025-09-01T07:22:42","date_gmt":"2025-09-01T07:22:42","guid":{"rendered":"https:\/\/aif.org.es\/?page_id=870"},"modified":"2025-12-17T09:54:26","modified_gmt":"2025-12-17T09:54:26","slug":"nuestras-sede","status":"publish","type":"page","link":"https:\/\/aif.org.es\/?page_id=870","title":{"rendered":"Nuestra sede"},"content":{"rendered":"\n<p>Nuestra sede est\u00e1 ubicada en <strong>Carrer Mari\u00e0 Llobet Rom\u00e1n 5, local 3. 07800 Ibiza.<\/strong> Ubicaci\u00f3n:\u00a0<a href=\"https:\/\/maps.app.goo.gl\/r7T66pu9Dwv5ZJiJ6\">https:\/\/maps.app.goo.gl\/r7T66pu9Dwv5ZJiJ6<\/a><a href=\"https:\/\/aif.org.es\/wp-admin\/post.php?post=475&amp;action=edit\">Editar<\/a><\/p>\n\n\n\n<p>Aqu\u00ed hay una <strong>despripci\u00f3n de todos los espacios que encontrar\u00e9 en la sede de AIF.<\/strong><\/p>\n\n\n\n<p>Todos est\u00e1n etiquetados con<strong> pictogramas<\/strong> para que pueda identificarlos f\u00e1cilmente.<\/p>\n\n\n\n<div class=\"wp-block-media-text is-stacked-on-mobile\"><figure class=\"wp-block-media-text__media\"><img loading=\"lazy\" decoding=\"async\" width=\"1024\" height=\"584\" src=\"https:\/\/aif.org.es\/wp-content\/uploads\/2025\/09\/foto-exterior-1024x584.jpg\" alt=\"\" class=\"wp-image-938 size-full\" srcset=\"https:\/\/aif.org.es\/wp-content\/uploads\/2025\/09\/foto-exterior-1024x584.jpg 1024w, https:\/\/aif.org.es\/wp-content\/uploads\/2025\/09\/foto-exterior-300x171.jpg 300w, https:\/\/aif.org.es\/wp-content\/uploads\/2025\/09\/foto-exterior-768x438.jpg 768w, https:\/\/aif.org.es\/wp-content\/uploads\/2025\/09\/foto-exterior-1536x875.jpg 1536w, https:\/\/aif.org.es\/wp-content\/uploads\/2025\/09\/foto-exterior-660x376.jpg 660w, https:\/\/aif.org.es\/wp-content\/uploads\/2025\/09\/foto-exterior.jpg 2048w\" sizes=\"auto, (max-width: 1024px) 100vw, 1024px\" \/><\/figure><div class=\"wp-block-media-text__content\">\n<p><strong>FOTO EXTERIOR DE LA SEDE DE AIF.<\/strong><\/p>\n\n\n\n<p>Para entrar es necesario tocar el <strong>timbre<\/strong>. A veces tengo que esperar unos segundos hasta que alguien salga a abrirme. <\/p>\n<\/div><\/div>\n\n\n\n<div class=\"wp-block-media-text is-stacked-on-mobile\"><figure class=\"wp-block-media-text__media\"><img loading=\"lazy\" decoding=\"async\" width=\"1024\" height=\"768\" src=\"https:\/\/aif.org.es\/wp-content\/uploads\/2025\/09\/foto-entrada-1024x768.jpg\" alt=\"\" class=\"wp-image-939 size-full\" srcset=\"https:\/\/aif.org.es\/wp-content\/uploads\/2025\/09\/foto-entrada-1024x768.jpg 1024w, https:\/\/aif.org.es\/wp-content\/uploads\/2025\/09\/foto-entrada-300x225.jpg 300w, https:\/\/aif.org.es\/wp-content\/uploads\/2025\/09\/foto-entrada-768x576.jpg 768w, https:\/\/aif.org.es\/wp-content\/uploads\/2025\/09\/foto-entrada-1536x1152.jpg 1536w, https:\/\/aif.org.es\/wp-content\/uploads\/2025\/09\/foto-entrada-660x495.jpg 660w, https:\/\/aif.org.es\/wp-content\/uploads\/2025\/09\/foto-entrada.jpg 2048w\" sizes=\"auto, (max-width: 1024px) 100vw, 1024px\" \/><\/figure><div class=\"wp-block-media-text__content\">\n<p><strong>ENTRADA DE LA SEDE<\/strong>. En la entrada tenemos:<\/p>\n\n\n\n<ul class=\"wp-block-list\">\n<li>Fuente de agua y vasos. <\/li>\n\n\n\n<li>Un sof\u00e1 c\u00f3modo para esperar. <\/li>\n\n\n\n<li>Tabl\u00f3n de anuncios.<\/li>\n\n\n\n<li>Merchandaishing de la asociaci\u00f3n. <\/li>\n\n\n\n<li>Detr\u00e1s de la puerta de cristal est\u00e1 el despacho de administraci\u00f3n.<\/li>\n<\/ul>\n<\/div><\/div>\n\n\n\n<div class=\"wp-block-media-text is-stacked-on-mobile\"><figure class=\"wp-block-media-text__media\"><img loading=\"lazy\" decoding=\"async\" width=\"1024\" height=\"768\" src=\"https:\/\/aif.org.es\/wp-content\/uploads\/2025\/09\/hall-1024x768.jpg\" alt=\"\" class=\"wp-image-940 size-full\" srcset=\"https:\/\/aif.org.es\/wp-content\/uploads\/2025\/09\/hall-1024x768.jpg 1024w, https:\/\/aif.org.es\/wp-content\/uploads\/2025\/09\/hall-300x225.jpg 300w, https:\/\/aif.org.es\/wp-content\/uploads\/2025\/09\/hall-768x576.jpg 768w, https:\/\/aif.org.es\/wp-content\/uploads\/2025\/09\/hall-1536x1152.jpg 1536w, https:\/\/aif.org.es\/wp-content\/uploads\/2025\/09\/hall-660x495.jpg 660w, https:\/\/aif.org.es\/wp-content\/uploads\/2025\/09\/hall.jpg 2048w\" sizes=\"auto, (max-width: 1024px) 100vw, 1024px\" \/><\/figure><div class=\"wp-block-media-text__content\">\n<p><\/p>\n\n\n\n<p><\/p>\n\n\n\n<p><strong>PASILLO DE LA SEDE. <\/strong>Este pasillo da acceso al resto de espacios de la sede.<\/p>\n\n\n\n<p>En este lugar es esperado estar en <strong>silencio<\/strong> para no molestar a las personas que se encuentran en los despachos.<\/p>\n\n\n\n<figure class=\"wp-block-image size-large\"><img loading=\"lazy\" decoding=\"async\" width=\"1024\" height=\"768\" src=\"https:\/\/aif.org.es\/wp-content\/uploads\/2025\/09\/hall-2-1024x768.jpg\" alt=\"\" class=\"wp-image-941\" srcset=\"https:\/\/aif.org.es\/wp-content\/uploads\/2025\/09\/hall-2-1024x768.jpg 1024w, https:\/\/aif.org.es\/wp-content\/uploads\/2025\/09\/hall-2-300x225.jpg 300w, https:\/\/aif.org.es\/wp-content\/uploads\/2025\/09\/hall-2-768x576.jpg 768w, https:\/\/aif.org.es\/wp-content\/uploads\/2025\/09\/hall-2-1536x1152.jpg 1536w, https:\/\/aif.org.es\/wp-content\/uploads\/2025\/09\/hall-2-660x495.jpg 660w, https:\/\/aif.org.es\/wp-content\/uploads\/2025\/09\/hall-2.jpg 2040w\" sizes=\"auto, (max-width: 1024px) 100vw, 1024px\" \/><\/figure>\n<\/div><\/div>\n\n\n\n<div class=\"wp-block-media-text is-stacked-on-mobile\"><figure class=\"wp-block-media-text__media\"><img loading=\"lazy\" decoding=\"async\" width=\"1024\" height=\"724\" src=\"https:\/\/aif.org.es\/wp-content\/uploads\/2025\/09\/administracion-1024x724.jpg\" alt=\"\" class=\"wp-image-942 size-full\" srcset=\"https:\/\/aif.org.es\/wp-content\/uploads\/2025\/09\/administracion-1024x724.jpg 1024w, https:\/\/aif.org.es\/wp-content\/uploads\/2025\/09\/administracion-300x212.jpg 300w, https:\/\/aif.org.es\/wp-content\/uploads\/2025\/09\/administracion-768x543.jpg 768w, https:\/\/aif.org.es\/wp-content\/uploads\/2025\/09\/administracion-1536x1086.jpg 1536w, https:\/\/aif.org.es\/wp-content\/uploads\/2025\/09\/administracion-660x467.jpg 660w, https:\/\/aif.org.es\/wp-content\/uploads\/2025\/09\/administracion-200x140.jpg 200w, https:\/\/aif.org.es\/wp-content\/uploads\/2025\/09\/administracion.jpg 1800w\" sizes=\"auto, (max-width: 1024px) 100vw, 1024px\" \/><\/figure><div class=\"wp-block-media-text__content\">\n<p><strong>OFICINA DE ADMINISTRACI\u00d3N. <\/strong>En este lugar encontrar\u00e9 a <strong>Maika<\/strong>, que es la administrativa de AIF. Aqu\u00ed puedo arreglar todas las cuestiones administrativas relacionadas con la asociaci\u00f3n.<\/p>\n\n\n\n<p>Si la puerta est\u00e1 cerrada, significa que Maika no est\u00e1 y tendr\u00e9 que venir en otro momento. <\/p>\n<\/div><\/div>\n\n\n\n<p><strong>DESPACHOS<\/strong>. Cuando vaya a AIF a hacer alguna actividad me dir\u00e1n en cual de estos lugares estar\u00e9:<\/p>\n\n\n\n<div class=\"wp-block-media-text is-stacked-on-mobile\" style=\"grid-template-columns:43% auto\"><figure class=\"wp-block-media-text__media\"><img loading=\"lazy\" decoding=\"async\" width=\"1024\" height=\"768\" src=\"https:\/\/aif.org.es\/wp-content\/uploads\/2025\/09\/despacho-1-2-1024x768.jpg\" alt=\"\" class=\"wp-image-948 size-full\" srcset=\"https:\/\/aif.org.es\/wp-content\/uploads\/2025\/09\/despacho-1-2-1024x768.jpg 1024w, https:\/\/aif.org.es\/wp-content\/uploads\/2025\/09\/despacho-1-2-300x225.jpg 300w, https:\/\/aif.org.es\/wp-content\/uploads\/2025\/09\/despacho-1-2-768x576.jpg 768w, https:\/\/aif.org.es\/wp-content\/uploads\/2025\/09\/despacho-1-2-1536x1152.jpg 1536w, https:\/\/aif.org.es\/wp-content\/uploads\/2025\/09\/despacho-1-2-660x495.jpg 660w, https:\/\/aif.org.es\/wp-content\/uploads\/2025\/09\/despacho-1-2.jpg 2048w\" sizes=\"auto, (max-width: 1024px) 100vw, 1024px\" \/><\/figure><div class=\"wp-block-media-text__content\">\n<p><strong>DESPACHO 1<\/strong><\/p>\n<\/div><\/div>\n\n\n\n<div class=\"wp-block-media-text is-stacked-on-mobile\" style=\"grid-template-columns:43% auto\"><figure class=\"wp-block-media-text__media\"><img loading=\"lazy\" decoding=\"async\" width=\"1024\" height=\"768\" src=\"https:\/\/aif.org.es\/wp-content\/uploads\/2025\/09\/despacho-2-1-1024x768.jpg\" alt=\"\" class=\"wp-image-949 size-full\" srcset=\"https:\/\/aif.org.es\/wp-content\/uploads\/2025\/09\/despacho-2-1-1024x768.jpg 1024w, https:\/\/aif.org.es\/wp-content\/uploads\/2025\/09\/despacho-2-1-300x225.jpg 300w, https:\/\/aif.org.es\/wp-content\/uploads\/2025\/09\/despacho-2-1-768x576.jpg 768w, https:\/\/aif.org.es\/wp-content\/uploads\/2025\/09\/despacho-2-1-1536x1152.jpg 1536w, https:\/\/aif.org.es\/wp-content\/uploads\/2025\/09\/despacho-2-1-660x495.jpg 660w, https:\/\/aif.org.es\/wp-content\/uploads\/2025\/09\/despacho-2-1.jpg 2048w\" sizes=\"auto, (max-width: 1024px) 100vw, 1024px\" \/><\/figure><div class=\"wp-block-media-text__content\">\n<p><strong>DESPACHO 2<\/strong><\/p>\n<\/div><\/div>\n\n\n\n<div class=\"wp-block-media-text is-stacked-on-mobile\" style=\"grid-template-columns:43% auto\"><figure class=\"wp-block-media-text__media\"><img loading=\"lazy\" decoding=\"async\" width=\"1024\" height=\"780\" src=\"https:\/\/aif.org.es\/wp-content\/uploads\/2025\/09\/despacho-3-1024x780.jpg\" alt=\"\" class=\"wp-image-950 size-full\" srcset=\"https:\/\/aif.org.es\/wp-content\/uploads\/2025\/09\/despacho-3-1024x780.jpg 1024w, https:\/\/aif.org.es\/wp-content\/uploads\/2025\/09\/despacho-3-300x229.jpg 300w, https:\/\/aif.org.es\/wp-content\/uploads\/2025\/09\/despacho-3-768x585.jpg 768w, https:\/\/aif.org.es\/wp-content\/uploads\/2025\/09\/despacho-3-1536x1170.jpg 1536w, https:\/\/aif.org.es\/wp-content\/uploads\/2025\/09\/despacho-3-660x503.jpg 660w, https:\/\/aif.org.es\/wp-content\/uploads\/2025\/09\/despacho-3.jpg 2016w\" sizes=\"auto, (max-width: 1024px) 100vw, 1024px\" \/><\/figure><div class=\"wp-block-media-text__content\">\n<p><strong>DESPACHO 3<\/strong><\/p>\n<\/div><\/div>\n\n\n\n<div class=\"wp-block-media-text is-stacked-on-mobile\" style=\"grid-template-columns:43% auto\"><figure class=\"wp-block-media-text__media\"><img loading=\"lazy\" decoding=\"async\" width=\"1024\" height=\"768\" src=\"https:\/\/aif.org.es\/wp-content\/uploads\/2025\/09\/despacho-4-1024x768.jpg\" alt=\"\" class=\"wp-image-951 size-full\" srcset=\"https:\/\/aif.org.es\/wp-content\/uploads\/2025\/09\/despacho-4-1024x768.jpg 1024w, https:\/\/aif.org.es\/wp-content\/uploads\/2025\/09\/despacho-4-300x225.jpg 300w, https:\/\/aif.org.es\/wp-content\/uploads\/2025\/09\/despacho-4-768x576.jpg 768w, https:\/\/aif.org.es\/wp-content\/uploads\/2025\/09\/despacho-4-1536x1152.jpg 1536w, https:\/\/aif.org.es\/wp-content\/uploads\/2025\/09\/despacho-4-660x495.jpg 660w, https:\/\/aif.org.es\/wp-content\/uploads\/2025\/09\/despacho-4.jpg 2048w\" sizes=\"auto, (max-width: 1024px) 100vw, 1024px\" \/><\/figure><div class=\"wp-block-media-text__content\">\n<p><strong>DESPACHO 4<\/strong><\/p>\n<\/div><\/div>\n\n\n\n<div class=\"wp-block-media-text is-stacked-on-mobile\" style=\"grid-template-columns:43% auto\"><figure class=\"wp-block-media-text__media\"><img loading=\"lazy\" decoding=\"async\" width=\"1024\" height=\"768\" src=\"https:\/\/aif.org.es\/wp-content\/uploads\/2025\/09\/sala-polivalente-1024x768.jpg\" alt=\"\" class=\"wp-image-952 size-full\" srcset=\"https:\/\/aif.org.es\/wp-content\/uploads\/2025\/09\/sala-polivalente-1024x768.jpg 1024w, https:\/\/aif.org.es\/wp-content\/uploads\/2025\/09\/sala-polivalente-300x225.jpg 300w, https:\/\/aif.org.es\/wp-content\/uploads\/2025\/09\/sala-polivalente-768x576.jpg 768w, https:\/\/aif.org.es\/wp-content\/uploads\/2025\/09\/sala-polivalente-1536x1152.jpg 1536w, https:\/\/aif.org.es\/wp-content\/uploads\/2025\/09\/sala-polivalente-660x495.jpg 660w, https:\/\/aif.org.es\/wp-content\/uploads\/2025\/09\/sala-polivalente.jpg 2040w\" sizes=\"auto, (max-width: 1024px) 100vw, 1024px\" \/><\/figure><div class=\"wp-block-media-text__content\">\n<p><strong>SALA POLIVALENTE<\/strong><\/p>\n<\/div><\/div>\n\n\n\n<p><strong>Hay otros espacios que tambi\u00e9n puedo utilizar si los necesito:<\/strong><\/p>\n\n\n\n<div class=\"wp-block-media-text is-stacked-on-mobile\"><figure class=\"wp-block-media-text__media\"><img loading=\"lazy\" decoding=\"async\" width=\"1024\" height=\"768\" src=\"https:\/\/aif.org.es\/wp-content\/uploads\/2025\/09\/bano-1024x768.jpg\" alt=\"\" class=\"wp-image-953 size-full\" srcset=\"https:\/\/aif.org.es\/wp-content\/uploads\/2025\/09\/bano-1024x768.jpg 1024w, https:\/\/aif.org.es\/wp-content\/uploads\/2025\/09\/bano-300x225.jpg 300w, https:\/\/aif.org.es\/wp-content\/uploads\/2025\/09\/bano-768x576.jpg 768w, https:\/\/aif.org.es\/wp-content\/uploads\/2025\/09\/bano-1536x1152.jpg 1536w, https:\/\/aif.org.es\/wp-content\/uploads\/2025\/09\/bano-660x495.jpg 660w, https:\/\/aif.org.es\/wp-content\/uploads\/2025\/09\/bano.jpg 2048w\" sizes=\"auto, (max-width: 1024px) 100vw, 1024px\" \/><\/figure><div class=\"wp-block-media-text__content\">\n<p><strong>CUARTO DE BA\u00d1O. <\/strong>Hay un cuarto de ba\u00f1o que puedo usar si est\u00e1 libre. <\/p>\n<\/div><\/div>\n\n\n\n<div class=\"wp-block-media-text is-stacked-on-mobile\"><figure class=\"wp-block-media-text__media\"><img loading=\"lazy\" decoding=\"async\" width=\"1024\" height=\"768\" src=\"https:\/\/aif.org.es\/wp-content\/uploads\/2025\/09\/sala-de-descanso-1024x768.jpg\" alt=\"\" class=\"wp-image-954 size-full\" srcset=\"https:\/\/aif.org.es\/wp-content\/uploads\/2025\/09\/sala-de-descanso-1024x768.jpg 1024w, https:\/\/aif.org.es\/wp-content\/uploads\/2025\/09\/sala-de-descanso-300x225.jpg 300w, https:\/\/aif.org.es\/wp-content\/uploads\/2025\/09\/sala-de-descanso-768x576.jpg 768w, https:\/\/aif.org.es\/wp-content\/uploads\/2025\/09\/sala-de-descanso-1536x1152.jpg 1536w, https:\/\/aif.org.es\/wp-content\/uploads\/2025\/09\/sala-de-descanso-660x495.jpg 660w, https:\/\/aif.org.es\/wp-content\/uploads\/2025\/09\/sala-de-descanso.jpg 2048w\" sizes=\"auto, (max-width: 1024px) 100vw, 1024px\" \/><\/figure><div class=\"wp-block-media-text__content\">\n<p><strong>SALA DE DESCANSO. <\/strong>Tambi\u00e9n hay una sala a la que puedo acudir si me siento saturado\/a o necesito un descanso.<\/p>\n\n\n\n<p>Es esperado avisar antes de utilizar esta sala. <\/p>\n<\/div><\/div>\n\n\n\n<div class=\"wp-block-media-text is-stacked-on-mobile\"><figure class=\"wp-block-media-text__media\"><img loading=\"lazy\" decoding=\"async\" width=\"1024\" height=\"768\" src=\"https:\/\/aif.org.es\/wp-content\/uploads\/2025\/09\/patio-1024x768.jpg\" alt=\"\" class=\"wp-image-955 size-full\" srcset=\"https:\/\/aif.org.es\/wp-content\/uploads\/2025\/09\/patio-1024x768.jpg 1024w, https:\/\/aif.org.es\/wp-content\/uploads\/2025\/09\/patio-300x225.jpg 300w, https:\/\/aif.org.es\/wp-content\/uploads\/2025\/09\/patio-768x576.jpg 768w, https:\/\/aif.org.es\/wp-content\/uploads\/2025\/09\/patio-1536x1152.jpg 1536w, https:\/\/aif.org.es\/wp-content\/uploads\/2025\/09\/patio-660x495.jpg 660w, https:\/\/aif.org.es\/wp-content\/uploads\/2025\/09\/patio.jpg 2040w\" sizes=\"auto, (max-width: 1024px) 100vw, 1024px\" \/><\/figure><div class=\"wp-block-media-text__content\">\n<p><strong>PATIO. <\/strong>Por \u00faltimo, en AIF hay un patio al que se puede acceder desde el pasillo o desde la sala polivalente.<\/p>\n\n\n\n<p>Aqu\u00ed tambi\u00e9n me puedo tomar un descanso o moverme libremente si lo necesito. <\/p>\n<\/div><\/div>\n\n\n\n<p><strong>Adem\u00e1s de en esta sede, AIF tambi\u00e9n ofrece sus servicios en:<\/strong><\/p>\n\n\n\n<ul class=\"wp-block-list\">\n<li><strong>San Antoni de Portmany<\/strong>: en espacios cedidos por el ayuntamiento en el IES Sa Serra y el Centro Municipal de terapias de Carrer d&#8217;Alacant.<\/li>\n\n\n\n<li><strong>Santa Eul\u00e0ria<\/strong>: en un espacio cedido por el ayuntamiento en el CEIP Sant Ciriac.<\/li>\n\n\n\n<li><strong>Formentera:<\/strong> en una sala del Centro de D\u00eda cedida por el Consell de Formentera. <\/li>\n<\/ul>\n\n\n\n<p>Si tienes cualquier duda sobre nuestros espacios de atenci\u00f3n o sobre la sede, puedes ponerte en <a href=\"https:\/\/aif.org.es\/?page_id=475\" data-type=\"page\" data-id=\"475\">contacto con nosotros. <\/a><\/p>\n","protected":false},"excerpt":{"rendered":"<p>Nuestra sede est\u00e1 ubicada en Carrer Mari\u00e0 Llobet Rom\u00e1n 5, local 3. 07800 Ibiza. Ubicaci\u00f3n:\u00a0https:\/\/maps.app.goo.gl\/r7T66pu9Dwv5ZJiJ6Editar Aqu\u00ed hay una despripci\u00f3n de todos los espacios que encontrar\u00e9 en la sede de AIF. Todos est\u00e1n etiquetados con pictogramas para que pueda identificarlos f\u00e1cilmente. FOTO EXTERIOR DE LA SEDE DE AIF. Para entrar es necesario tocar el timbre. A\u2026 <span class=\"read-more\"><a href=\"https:\/\/aif.org.es\/?page_id=870\">Leer m\u00e1s &raquo;<\/a><\/span><\/p>\n","protected":false},"author":1,"featured_media":0,"parent":0,"menu_order":0,"comment_status":"closed","ping_status":"closed","template":"","meta":{"footnotes":""},"class_list":["post-870","page","type-page","status-publish","hentry"],"_links":{"self":[{"href":"https:\/\/aif.org.es\/index.php?rest_route=\/wp\/v2\/pages\/870","targetHints":{"allow":["GET"]}}],"collection":[{"href":"https:\/\/aif.org.es\/index.php?rest_route=\/wp\/v2\/pages"}],"about":[{"href":"https:\/\/aif.org.es\/index.php?rest_route=\/wp\/v2\/types\/page"}],"author":[{"embeddable":true,"href":"https:\/\/aif.org.es\/index.php?rest_route=\/wp\/v2\/users\/1"}],"replies":[{"embeddable":true,"href":"https:\/\/aif.org.es\/index.php?rest_route=%2Fwp%2Fv2%2Fcomments&post=870"}],"version-history":[{"count":22,"href":"https:\/\/aif.org.es\/index.php?rest_route=\/wp\/v2\/pages\/870\/revisions"}],"predecessor-version":[{"id":1011,"href":"https:\/\/aif.org.es\/index.php?rest_route=\/wp\/v2\/pages\/870\/revisions\/1011"}],"wp:attachment":[{"href":"https:\/\/aif.org.es\/index.php?rest_route=%2Fwp%2Fv2%2Fmedia&parent=870"}],"curies":[{"name":"wp","href":"https:\/\/api.w.org\/{rel}","templated":true}]}}