{"id":85,"date":"2020-04-22T07:12:25","date_gmt":"2020-04-22T07:12:25","guid":{"rendered":"https:\/\/www.aif.org.es\/?page_id=85"},"modified":"2025-08-27T15:38:16","modified_gmt":"2025-08-27T15:38:16","slug":"recursos","status":"publish","type":"page","link":"https:\/\/aif.org.es\/?page_id=85","title":{"rendered":"Transparencia"},"content":{"rendered":"\n<p>En AIF tenemos un firme compromiso con la transparencia de nuestra entidad. Por ello, en esta p\u00e1gina est\u00e1n disponibles todos los documentos, para que cualquier persona puede acceder a ellos: <\/p>\n\n\n\n<p class=\"has-small-font-size\"><a href=\"https:\/\/www.aif.org.es\/?page_id=129\" data-type=\"page\" data-id=\"129\">Memorias<\/a><\/p>\n\n\n\n<p class=\"has-small-font-size\"><a href=\"https:\/\/www.aif.org.es\/?page_id=131\" data-type=\"page\" data-id=\"131\">Cuentas anuales<\/a><\/p>\n\n\n\n<p class=\"has-small-font-size\"><a href=\"https:\/\/www.aif.org.es\/?page_id=147\" data-type=\"page\" data-id=\"147\">Auditorias<\/a><\/p>\n\n\n\n<p class=\"has-small-font-size\"><a href=\"https:\/\/www.aif.org.es\/?page_id=142\" data-type=\"page\" data-id=\"142\">Plan de Igualdad<\/a><\/p>\n\n\n\n<p class=\"has-small-font-size\"><a href=\"https:\/\/www.aif.org.es\/wp-content\/uploads\/2024\/05\/Plan-de-voluntariado-AIF-2023.pdf\" data-type=\"attachment\" data-id=\"633\">Plan de voluntariado<\/a><\/p>\n\n\n\n<p class=\"has-small-font-size\"><a href=\"https:\/\/www.aif.org.es\/?page_id=93\" data-type=\"page\" data-id=\"93\">Pol\u00edtica de calidad<\/a><\/p>\n\n\n\n<p class=\"has-small-font-size\"><a href=\"https:\/\/aif.org.es\/wp-content\/uploads\/2023\/04\/Adhesion-Codigo-Etico-PSP.pdf\" data-type=\"attachment\" data-id=\"533\">C\u00f3digo \u00e9tico<\/a><\/p>\n\n\n\n<p class=\"has-small-font-size\"><a href=\"https:\/\/www.aif.org.es\/?page_id=157\" data-type=\"page\" data-id=\"157\">Quejas y sugerencias<\/a><\/p>\n\n\n\n<p><\/p>\n","protected":false},"excerpt":{"rendered":"<p>En AIF tenemos un firme compromiso con la transparencia de nuestra entidad. Por ello, en esta p\u00e1gina est\u00e1n disponibles todos los documentos, para que cualquier persona puede acceder a ellos: Memorias Cuentas anuales Auditorias Plan de Igualdad Plan de voluntariado Pol\u00edtica de calidad C\u00f3digo \u00e9tico Quejas y sugerencias<\/p>\n","protected":false},"author":1,"featured_media":0,"parent":0,"menu_order":0,"comment_status":"closed","ping_status":"closed","template":"","meta":{"footnotes":""},"class_list":["post-85","page","type-page","status-publish","hentry"],"_links":{"self":[{"href":"https:\/\/aif.org.es\/index.php?rest_route=\/wp\/v2\/pages\/85","targetHints":{"allow":["GET"]}}],"collection":[{"href":"https:\/\/aif.org.es\/index.php?rest_route=\/wp\/v2\/pages"}],"about":[{"href":"https:\/\/aif.org.es\/index.php?rest_route=\/wp\/v2\/types\/page"}],"author":[{"embeddable":true,"href":"https:\/\/aif.org.es\/index.php?rest_route=\/wp\/v2\/users\/1"}],"replies":[{"embeddable":true,"href":"https:\/\/aif.org.es\/index.php?rest_route=%2Fwp%2Fv2%2Fcomments&post=85"}],"version-history":[{"count":11,"href":"https:\/\/aif.org.es\/index.php?rest_route=\/wp\/v2\/pages\/85\/revisions"}],"predecessor-version":[{"id":832,"href":"https:\/\/aif.org.es\/index.php?rest_route=\/wp\/v2\/pages\/85\/revisions\/832"}],"wp:attachment":[{"href":"https:\/\/aif.org.es\/index.php?rest_route=%2Fwp%2Fv2%2Fmedia&parent=85"}],"curies":[{"name":"wp","href":"https:\/\/api.w.org\/{rel}","templated":true}]}}