{"id":765,"date":"2025-08-26T14:58:51","date_gmt":"2025-08-26T14:58:51","guid":{"rendered":"https:\/\/www.aif.org.es\/?page_id=765"},"modified":"2025-09-01T15:10:43","modified_gmt":"2025-09-01T15:10:43","slug":"materiales","status":"publish","type":"page","link":"https:\/\/aif.org.es\/?page_id=765","title":{"rendered":"Recursos"},"content":{"rendered":"\n<p class=\"has-medium-font-size\"><strong>RECURSOS DE APOYO EN IBIZA Y FORMENTERA:<\/strong><\/p>\n\n\n\n<p><a href=\"https:\/\/www.caib.es\/seucaib\/es\/200\/persones\/tramites\/tramite\/4711729\">Solicitud del reconocimiento de la discapacidad y la dependencia. <\/a><\/p>\n\n\n\n<p><a href=\"https:\/\/dgss.fundaciobit.org\/citadgss\/reservar-cita;lang=es\">Pedir cita para el IBAS (Discapacidad y dependencia)<\/a><\/p>\n\n\n\n<p><a href=\"https:\/\/idis.conselldeivissa.es\/es\/inclusion\/servicio-de-asesoramiento-e-insercion-laboral\/\">Servicio de Apoyo para la Inserci\u00f3n Laboral de personas con discapacidad (SAIL-PD).<\/a><\/p>\n\n\n\n<p><a href=\"https:\/\/www.caib.es\/sites\/diversitat\/ca\/eoep_eadisoc\/\">EQUIP D&#8217;AVALUACI\u00d3 DE LES DIFICULTATS DE SOCIALITZACI\u00d3 I COMUNICACI\u00d3 (EOEP EADISOC)<\/a><\/p>\n\n\n\n<p><\/p>\n\n\n\n<p class=\"has-medium-font-size\"><strong>RECURSOS BIBLIOGR\u00c1FICOS: <\/strong><\/p>\n\n\n\n<p>Aqu\u00ed hay una selecci\u00f3n de materiales y recursos pr\u00e1cticos: <\/p>\n\n\n\n<div class=\"wp-block-file\"><a id=\"wp-block-file--media-610efaf0-ee12-4501-b511-c77b7e737bb5\" href=\"http:\/\/aif.org.es\/wp-content\/uploads\/2025\/08\/TRIPTICO-AIF-2025.pdf\"><strong>TRIPTICO AIF 2025<\/strong><\/a><\/div>\n\n\n\n<div class=\"wp-block-file\"><a id=\"wp-block-file--media-159e266a-7b0a-470a-ac44-0f8d242f6226\" href=\"http:\/\/aif.org.es\/wp-content\/uploads\/2025\/08\/10-RAZONES-POR-LA-QUE-CONTRATAR-A-UNA-PERSONA-ASPERGER-EN-TU-EMPRESA.pdf\"><br><strong>10 RAZONES POR LA QUE CONTRATAR A UNA PERSONA ASPERGER EN TU EMPRESA<\/strong><\/a><\/div>\n\n\n\n<div class=\"wp-block-file\"><a id=\"wp-block-file--media-c318150a-9338-4f69-b8e8-98f998d6e157\" href=\"http:\/\/aif.org.es\/wp-content\/uploads\/2025\/08\/COMPRENDER-LA-MENTE-AUTISTA-1.pdf\"><br><strong>GUIA COMPRENDER LA MENTE AUTISTA<\/strong><\/a><\/div>\n\n\n\n<div class=\"wp-block-file\"><a id=\"wp-block-file--media-f6bd8689-e117-46f5-a59e-561ce594f3a6\" href=\"http:\/\/aif.org.es\/wp-content\/uploads\/2025\/08\/My-Brain-Is-Autistic-Spanish-Version.pdf\"><br><strong>MI CEREBRO ES AUTISTA<\/strong><\/a><\/div>\n\n\n\n<div class=\"wp-block-file\"><a id=\"wp-block-file--media-79c47f45-9cac-4d14-886d-2d872763d619\" href=\"http:\/\/aif.org.es\/wp-content\/uploads\/2025\/08\/Como-ayudar-a-una-persona-autista-durante-un-colapso.pdf\"><br><strong>C\u00d3MO AYUDAR A UNA PERSONA AUTISTA DURANTE UN COLAPSO<\/strong><\/a><\/div>\n\n\n\n<p class=\"has-medium-font-size\"><strong>RECURSOS AUDIOVISUALES: <\/strong><\/p>\n\n\n\n<p class=\"has-medium-font-size\">Charla Elsa Cort\u00e9s &#8211; Hipersensibilidad en el autismo:<\/p>\n\n\n\n<figure class=\"wp-block-embed is-type-video is-provider-youtube wp-block-embed-youtube wp-embed-aspect-16-9 wp-has-aspect-ratio\"><div class=\"wp-block-embed__wrapper\">\n<iframe loading=\"lazy\" title=\"Asociacion asperger Ibiza y Formentera. Elsa Cort\u00e9s.\" width=\"665\" height=\"374\" src=\"https:\/\/www.youtube.com\/embed\/qoFxdo6nrDA?feature=oembed\" frameborder=\"0\" allow=\"accelerometer; autoplay; clipboard-write; encrypted-media; gyroscope; picture-in-picture; web-share\" referrerpolicy=\"strict-origin-when-cross-origin\" allowfullscreen><\/iframe>\n<\/div><\/figure>\n\n\n\n<p class=\"has-medium-font-size\">Podcast Personas Diferentes:<\/p>\n\n\n\n<figure class=\"wp-block-embed is-type-video is-provider-youtube wp-block-embed-youtube wp-embed-aspect-16-9 wp-has-aspect-ratio\"><div class=\"wp-block-embed__wrapper\">\n<iframe loading=\"lazy\" title=\"Episodio 1. En honor al d\u00eda Internacional del Asperger.\" width=\"665\" height=\"374\" src=\"https:\/\/www.youtube.com\/embed\/sdDzBDp-fzM?feature=oembed\" frameborder=\"0\" allow=\"accelerometer; autoplay; clipboard-write; encrypted-media; gyroscope; picture-in-picture; web-share\" referrerpolicy=\"strict-origin-when-cross-origin\" allowfullscreen><\/iframe>\n<\/div><\/figure>\n\n\n\n<p><\/p>\n","protected":false},"excerpt":{"rendered":"<p>RECURSOS DE APOYO EN IBIZA Y FORMENTERA: Solicitud del reconocimiento de la discapacidad y la dependencia. Pedir cita para el IBAS (Discapacidad y dependencia) Servicio de Apoyo para la Inserci\u00f3n Laboral de personas con discapacidad (SAIL-PD). EQUIP D&#8217;AVALUACI\u00d3 DE LES DIFICULTATS DE SOCIALITZACI\u00d3 I COMUNICACI\u00d3 (EOEP EADISOC) RECURSOS BIBLIOGR\u00c1FICOS: Aqu\u00ed hay una selecci\u00f3n de materiales\u2026 <span class=\"read-more\"><a href=\"https:\/\/aif.org.es\/?page_id=765\">Leer m\u00e1s &raquo;<\/a><\/span><\/p>\n","protected":false},"author":1,"featured_media":0,"parent":0,"menu_order":0,"comment_status":"closed","ping_status":"closed","template":"","meta":{"footnotes":""},"class_list":["post-765","page","type-page","status-publish","hentry"],"_links":{"self":[{"href":"https:\/\/aif.org.es\/index.php?rest_route=\/wp\/v2\/pages\/765","targetHints":{"allow":["GET"]}}],"collection":[{"href":"https:\/\/aif.org.es\/index.php?rest_route=\/wp\/v2\/pages"}],"about":[{"href":"https:\/\/aif.org.es\/index.php?rest_route=\/wp\/v2\/types\/page"}],"author":[{"embeddable":true,"href":"https:\/\/aif.org.es\/index.php?rest_route=\/wp\/v2\/users\/1"}],"replies":[{"embeddable":true,"href":"https:\/\/aif.org.es\/index.php?rest_route=%2Fwp%2Fv2%2Fcomments&post=765"}],"version-history":[{"count":12,"href":"https:\/\/aif.org.es\/index.php?rest_route=\/wp\/v2\/pages\/765\/revisions"}],"predecessor-version":[{"id":968,"href":"https:\/\/aif.org.es\/index.php?rest_route=\/wp\/v2\/pages\/765\/revisions\/968"}],"wp:attachment":[{"href":"https:\/\/aif.org.es\/index.php?rest_route=%2Fwp%2Fv2%2Fmedia&parent=765"}],"curies":[{"name":"wp","href":"https:\/\/api.w.org\/{rel}","templated":true}]}}