{"id":475,"date":"2023-03-13T12:29:59","date_gmt":"2023-03-13T12:29:59","guid":{"rendered":"https:\/\/www.aif.org.es\/?page_id=475"},"modified":"2025-05-05T08:12:56","modified_gmt":"2025-05-05T08:12:56","slug":"contacto","status":"publish","type":"page","link":"https:\/\/aif.org.es\/?page_id=475","title":{"rendered":"Contacto"},"content":{"rendered":"\n<p>Si quieres ponerte en contacto con nosotras puedes hacerlo a trav\u00e9s de nuestro tel\u00e9fono <strong>678 874 186 &#8211; 971 102 758 o  <\/strong>escribirnos al correo<strong> tecnicos@aif.org.es.<\/strong><\/p>\n\n\n\n<p>Direcci\u00f3n: Carrer Mari\u00e0 Llobet Roman n\u00ba 5, 07800 Eivissa<\/p>\n\n\n\n<p>Ubicaci\u00f3n: <a href=\"https:\/\/maps.app.goo.gl\/r7T66pu9Dwv5ZJiJ6\">https:\/\/maps.app.goo.gl\/r7T66pu9Dwv5ZJiJ6<\/a><\/p>\n\n\n\n<p><\/p>\n\n\n\n<p><\/p>\n\n\n\n<p><\/p>\n","protected":false},"excerpt":{"rendered":"<p>Si quieres ponerte en contacto con nosotras puedes hacerlo a trav\u00e9s de nuestro tel\u00e9fono 678 874 186 &#8211; 971 102 758 o escribirnos al correo tecnicos@aif.org.es. Direcci\u00f3n: Carrer Mari\u00e0 Llobet Roman n\u00ba 5, 07800 Eivissa Ubicaci\u00f3n: https:\/\/maps.app.goo.gl\/r7T66pu9Dwv5ZJiJ6<\/p>\n","protected":false},"author":1,"featured_media":0,"parent":0,"menu_order":0,"comment_status":"closed","ping_status":"closed","template":"","meta":{"footnotes":""},"class_list":["post-475","page","type-page","status-publish","hentry"],"_links":{"self":[{"href":"https:\/\/aif.org.es\/index.php?rest_route=\/wp\/v2\/pages\/475","targetHints":{"allow":["GET"]}}],"collection":[{"href":"https:\/\/aif.org.es\/index.php?rest_route=\/wp\/v2\/pages"}],"about":[{"href":"https:\/\/aif.org.es\/index.php?rest_route=\/wp\/v2\/types\/page"}],"author":[{"embeddable":true,"href":"https:\/\/aif.org.es\/index.php?rest_route=\/wp\/v2\/users\/1"}],"replies":[{"embeddable":true,"href":"https:\/\/aif.org.es\/index.php?rest_route=%2Fwp%2Fv2%2Fcomments&post=475"}],"version-history":[{"count":3,"href":"https:\/\/aif.org.es\/index.php?rest_route=\/wp\/v2\/pages\/475\/revisions"}],"predecessor-version":[{"id":717,"href":"https:\/\/aif.org.es\/index.php?rest_route=\/wp\/v2\/pages\/475\/revisions\/717"}],"wp:attachment":[{"href":"https:\/\/aif.org.es\/index.php?rest_route=%2Fwp%2Fv2%2Fmedia&parent=475"}],"curies":[{"name":"wp","href":"https:\/\/api.w.org\/{rel}","templated":true}]}}