{"id":28,"date":"2020-03-27T08:28:36","date_gmt":"2020-03-27T08:28:36","guid":{"rendered":"https:\/\/www.aif.org.es\/?page_id=28"},"modified":"2025-08-27T14:15:12","modified_gmt":"2025-08-27T14:15:12","slug":"quienes-somos","status":"publish","type":"page","link":"https:\/\/aif.org.es\/?page_id=28","title":{"rendered":"\u00bfQuienes somos?"},"content":{"rendered":"\n<p>La Asociaci\u00f3n Asperger Ibiza y Formentera, es una asociaci\u00f3n sin \u00e1nimo de lucro creada debido a la necesidad de las familias que sufren el S\u00edndrome de Asperger en las Pitiusas. Por ello, el 25 de abril de 2014, comienza a cimentarse AIF, primero formando una delegaci\u00f3n de la Asociaci\u00f3n Asperger Baleares y, finalmente, el 11 de diciembre de 2014, nos constituimos como asociaci\u00f3n independiente. <\/p>\n\n\n\n<p>Somos una asociaci\u00f3n independiente que ama lo que hace y cuya prioridad es acoger, escuchar, informar, orientar y, en definitiva, apoyar incondicionalmente a las familias. <\/p>\n\n\n\n<p>Cada d\u00eda recibimos m\u00e1s peticiones de familias con alg\u00fan miembro con S\u00edndrome de Asperger y luchamos para darles cobertura en todo momento. Somos modestos pero fuertes, amamos lo que hacemos y so\u00f1amos con un mundo mejor para estas personas que comprenden y sienten el mundo de forma diferente con las consecuencias que ello conlleva en todos los aspectos. <\/p>\n\n\n\n<p>La formaci\u00f3n e informaci\u00f3n, valoraci\u00f3n, asesoramiento, a nivel personal, educativo, social y laboral, para poder cubrir las necesidades de las personas afectadas y sus familiares y orientar a cualquier otra persona o entidad que intervenga con personas con una condici\u00f3n Asperger, ha sido y es nuestra l\u00ednea de trabajo desde el principio.<\/p>\n\n\n\n<p>Con unos inicios muy modestos, en los que trabaj\u00e1bamos principalmente con una franja de edad adolescente, vamos recibiendo d\u00eda a d\u00eda a nuevos asociados pertenecientes a todas las franjas de edad, y actualmente somos <em>176 personas asociadas, 208 personas usuarias directas y m\u00e1s de 300 indirectas<\/em>.<\/p>\n\n\n\n<p>Nuestro trabajo se estructura en diferentes aspectos que se convierten en nuestros valores:<\/p>\n\n\n\n<ul class=\"wp-block-list\">\n<li>Difusi\u00f3n y conocimiento general del S\u00edndrome de Asperger.<\/li>\n\n\n\n<li> Acompa\u00f1amiento a las familias y al paciente en la aceptaci\u00f3n del diagn\u00f3stico.<\/li>\n\n\n\n<li>Comprender, asimilar y detectar de forma temprana el S\u00edndrome de Asperger son para nosotros principios fundamentales.<\/li>\n\n\n\n<li>Terapias individualizadas y grupales donde trabajar las habilidades sociales, la regulaci\u00f3n emocional, el entrenamiento para la resoluci\u00f3n de conflictos.<\/li>\n\n\n\n<li>Seguimiento para prevenci\u00f3n de comorbilidades de trastorno mental grave.<\/li>\n\n\n\n<li>Difusi\u00f3n y conocimiento general del S\u00edndrome de Asperger no s\u00f3lo a las familias afectadas, sino a la sociedad en general.<\/li>\n\n\n\n<li>Acompa\u00f1amos a nuestros chicos\/as en la transici\u00f3n a secundaria.<\/li>\n\n\n\n<li>Trabajamos tambi\u00e9n con familias y parejas. <\/li>\n\n\n\n<li>Ayudamos en la transici\u00f3n a la vida adulta de las personas con S\u00edndrome de Asperger. Trabajamos las habilidades en autonom\u00eda e independencia y realizamos terapias dedicadas a la transici\u00f3n a la vida adulta. <\/li>\n\n\n\n<li>Importante en este sentido es el apoyo en la inserci\u00f3n laboral de nuestros socios\/as.<\/li>\n\n\n\n<li>Algo de vital importancia para nosotros es el trabajo constante y directo con los centros escolares e institutos.  Formamos al profesorado en el conocimiento del S\u00edndrome de Asperger. Trabajamos en equipos con los educadores y nos coordinamos con los equipos de orientaci\u00f3n e intentamos que esto llegue incluso a la formaci\u00f3n profesional, donde aun falta mucho camino por recorrer en este sentido.  En definitiva, realizamos un acompa\u00f1amiento vital y efectivo en todo el proceso educativo, dando a conocer el S\u00edndrome de Asperger y formando a los profesores\/as a trav\u00e9s de reuniones y cursos de formaci\u00f3n.<\/li>\n<\/ul>\n\n\n\n<p>AIF, promueve campa\u00f1as de concienciaci\u00f3n: sentimos que es importante la educaci\u00f3n de la sociedad en la comprensi\u00f3n y aceptaci\u00f3n del S\u00edndrome de Asperger, con la vista puesta en la total integraci\u00f3n y en evitar situaciones de aislamiento o acoso que en ocasiones se producen y contra las que luchamos diariamente. <\/p>\n\n\n\n<p>NUESTRA MISI\u00d3N, NUESTRA VISI\u00d3N Y NUESTROS VALORES<\/p>\n\n\n\n<p><strong>MISI\u00d3N<\/strong><br>Somos una gran familia de familias que trabaja para mejorar las condiciones de vida en el \u00e1mbito educativo, social, laboral y personal de los individuos con condici\u00f3n TEA de alto funcionamiento (S\u00edndrome de Asperger).<\/p>\n\n\n\n<p><strong>VISI\u00d3N<\/strong><br>Aspiramos a que no se hable de diversidad ni de inclusi\u00f3n, sino que \u00e9stas sean asumidas con normalidad para crear un mundo mejor, d\u00f3nde se de provecho a cada uno seg\u00fan sus posibilidades y capacidades.<\/p>\n\n\n\n<p><strong>VALORES<\/strong><br>Familia, inclusi\u00f3n, diversidad y empoderamiento.<\/p>\n\n\n\n<p><\/p>\n\n\n\n<p><\/p>\n\n\n\n<p>Consulta nuestra <a href=\"https:\/\/www.aif.org.es\/?page_id=93\">POL\u00cdTICA DE CALIDAD<\/a><\/p>\n","protected":false},"excerpt":{"rendered":"<p>La Asociaci\u00f3n Asperger Ibiza y Formentera, es una asociaci\u00f3n sin \u00e1nimo de lucro creada debido a la necesidad de las familias que sufren el S\u00edndrome de Asperger en las Pitiusas. Por ello, el 25 de abril de 2014, comienza a cimentarse AIF, primero formando una delegaci\u00f3n de la Asociaci\u00f3n Asperger Baleares y, finalmente, el 11\u2026 <span class=\"read-more\"><a href=\"https:\/\/aif.org.es\/?page_id=28\">Leer m\u00e1s &raquo;<\/a><\/span><\/p>\n","protected":false},"author":1,"featured_media":0,"parent":0,"menu_order":0,"comment_status":"closed","ping_status":"closed","template":"","meta":{"footnotes":""},"class_list":["post-28","page","type-page","status-publish","hentry"],"_links":{"self":[{"href":"https:\/\/aif.org.es\/index.php?rest_route=\/wp\/v2\/pages\/28","targetHints":{"allow":["GET"]}}],"collection":[{"href":"https:\/\/aif.org.es\/index.php?rest_route=\/wp\/v2\/pages"}],"about":[{"href":"https:\/\/aif.org.es\/index.php?rest_route=\/wp\/v2\/types\/page"}],"author":[{"embeddable":true,"href":"https:\/\/aif.org.es\/index.php?rest_route=\/wp\/v2\/users\/1"}],"replies":[{"embeddable":true,"href":"https:\/\/aif.org.es\/index.php?rest_route=%2Fwp%2Fv2%2Fcomments&post=28"}],"version-history":[{"count":14,"href":"https:\/\/aif.org.es\/index.php?rest_route=\/wp\/v2\/pages\/28\/revisions"}],"predecessor-version":[{"id":769,"href":"https:\/\/aif.org.es\/index.php?rest_route=\/wp\/v2\/pages\/28\/revisions\/769"}],"wp:attachment":[{"href":"https:\/\/aif.org.es\/index.php?rest_route=%2Fwp%2Fv2%2Fmedia&parent=28"}],"curies":[{"name":"wp","href":"https:\/\/api.w.org\/{rel}","templated":true}]}}